{"id":1554,"date":"2013-11-07T19:59:36","date_gmt":"2013-11-07T19:59:36","guid":{"rendered":"https:\/\/jurus.net\/mademoisellesteinitz\/?post_type=product&#038;p=1554"},"modified":"2014-06-14T22:16:25","modified_gmt":"2014-06-14T22:16:25","slug":"applique-luminaire-de-francois-thevenin-en-38-parties-fer-forge","status":"publish","type":"product","link":"https:\/\/jurus.net\/mademoisellesteinitz\/product\/applique-luminaire-de-francois-thevenin-en-38-parties-fer-forge\/","title":{"rendered":"Wall light of Fran\u00e7ois Th\u00e9venin in 38 parts, wrought iron"},"content":{"rendered":"<p>Sculpture applies in 38 parts, all which fit into each other . Location ready to insert a bulb. Wrought Iron worked with great finesse and metalwork hammer .<\/p>\n<p>Fran\u00e7ois Thevenin Cannes is a sculptor. Student four years of Fine Arts in Paris , he returned to the country in the mid 60s.<\/p>\n<p>Inventor before the time of the House Landscape with architect Jacques Cou\u00eblle , integrating his works into the natural landscape , it will decorate homes Castellaras colony billionaires between Mougins and Mouans -Sartoux , chairs , coffee tables , lighting , stair railings , everyday objects &#8230; worked brass hammer following an ancient technique that combines the boiler , brassware , welding .<\/p>\n<p>Anything that touches the hammer work fascinates and he confronts these techniques alone, on the job, contact boilermakers and ironworkers of this region. His art out of all classifications.<\/p>\n<p>Arguably Fran\u00e7ois Thevenin is both a sculptor and a poet who knows how to talk about nature.<\/p>\n<p>His hammer to wake us strong places, between sea and mountain, the purity of the elements and the presence of the sun, like a relentless fire that gives life to the metal. In this, the work of Fran\u00e7ois Thevenin is a breadcrumb trail leading to larger, Picasso , Cocteau, Brassa\u00ef &#8230; 80 years old today , he works with Savin &#8216;s son Jacques Cou\u00eblle , on major projects international , always in an environment he loves.<\/p>\n<p>They treat sculpture objects of everyday use . We can say that all living human inventory , it sublime &#8230;<\/p>\n<p>Each new order is for him the beginning of a new adventure , combining the transcendence and the desire to bend metal to his whims creator.<\/p>\n","protected":false},"excerpt":{"rendered":"<p>Sculpture applies in 38 parts, all which fit into each other . Location ready to insert a bulb. Wrought Iron worked with great finesse and metalwork hammer . Fran\u00e7ois Thevenin Cannes is a sculptor. Student four years of Fine Arts in Paris , he returned to the country in the mid 60s. Inventor before the [&hellip;]<\/p>\n","protected":false},"featured_media":1640,"comment_status":"closed","ping_status":"closed","template":"","meta":[],"product_brand":[],"product_cat":[1683,193,189,86,215,133],"product_tag":[],"gender":[],"class_list":{"0":"post-1554","1":"product","2":"type-product","3":"status-publish","4":"has-post-thumbnail","6":"product_cat-20th-century","7":"product_cat-iron","8":"product_cat-lighting","9":"product_cat-sculpture","10":"product_cat-wall-lamps","11":"product_cat-wrought-iron","12":"pa_condition-excellent","13":"pa_material-wrought-iron2","14":"pa_origin-france","15":"pa_period-circa-1970","16":"pa_sculptor-francois-thevenin","18":"first","19":"instock","20":"shipping-taxable","21":"purchasable","22":"product-type-simple"},"_links":{"self":[{"href":"https:\/\/jurus.net\/mademoisellesteinitz\/wp-json\/wp\/v2\/product\/1554","targetHints":{"allow":["GET"]}}],"collection":[{"href":"https:\/\/jurus.net\/mademoisellesteinitz\/wp-json\/wp\/v2\/product"}],"about":[{"href":"https:\/\/jurus.net\/mademoisellesteinitz\/wp-json\/wp\/v2\/types\/product"}],"replies":[{"embeddable":true,"href":"https:\/\/jurus.net\/mademoisellesteinitz\/wp-json\/wp\/v2\/comments?post=1554"}],"wp:featuredmedia":[{"embeddable":true,"href":"https:\/\/jurus.net\/mademoisellesteinitz\/wp-json\/wp\/v2\/media\/1640"}],"wp:attachment":[{"href":"https:\/\/jurus.net\/mademoisellesteinitz\/wp-json\/wp\/v2\/media?parent=1554"}],"wp:term":[{"taxonomy":"product_brand","embeddable":true,"href":"https:\/\/jurus.net\/mademoisellesteinitz\/wp-json\/wp\/v2\/product_brand?post=1554"},{"taxonomy":"product_cat","embeddable":true,"href":"https:\/\/jurus.net\/mademoisellesteinitz\/wp-json\/wp\/v2\/product_cat?post=1554"},{"taxonomy":"product_tag","embeddable":true,"href":"https:\/\/jurus.net\/mademoisellesteinitz\/wp-json\/wp\/v2\/product_tag?post=1554"},{"taxonomy":"gender","embeddable":true,"href":"https:\/\/jurus.net\/mademoisellesteinitz\/wp-json\/wp\/v2\/gender?post=1554"}],"curies":[{"name":"wp","href":"https:\/\/api.w.org\/{rel}","templated":true}]}}