{"id":1350,"date":"2013-11-04T22:40:35","date_gmt":"2013-11-04T22:40:35","guid":{"rendered":"https:\/\/jurus.net\/mademoisellesteinitz\/?post_type=product&#038;p=1350"},"modified":"2014-06-14T22:41:10","modified_gmt":"2014-06-14T22:41:10","slug":"console-dangle-encoignure-aux-motifs-delephants-2","status":"publish","type":"product","link":"https:\/\/jurus.net\/mademoisellesteinitz\/product\/console-dangle-encoignure-aux-motifs-delephants-2\/","title":{"rendered":"Corner Console with elephant motifs."},"content":{"rendered":"<h1><\/h1>\n","protected":false},"excerpt":{"rendered":"<p>Arc de cercle 90\u00b0<\/p>\n<p>de bout \u00e0 bout: 97 cm; c\u00f4t\u00e9 angle: 69 cm; H 89 cm<\/p>\n","protected":false},"featured_media":1346,"comment_status":"closed","ping_status":"closed","template":"","meta":[],"product_brand":[],"product_cat":[98,1684],"product_tag":[],"gender":[],"class_list":{"0":"post-1350","1":"product","2":"type-product","3":"status-publish","4":"has-post-thumbnail","6":"product_cat-consoles","7":"product_cat-wood","8":"pa_condition-excellent","9":"pa_material-sculpted-wood","11":"first","12":"instock","13":"shipping-taxable","14":"purchasable","15":"product-type-simple"},"_links":{"self":[{"href":"https:\/\/jurus.net\/mademoisellesteinitz\/wp-json\/wp\/v2\/product\/1350","targetHints":{"allow":["GET"]}}],"collection":[{"href":"https:\/\/jurus.net\/mademoisellesteinitz\/wp-json\/wp\/v2\/product"}],"about":[{"href":"https:\/\/jurus.net\/mademoisellesteinitz\/wp-json\/wp\/v2\/types\/product"}],"replies":[{"embeddable":true,"href":"https:\/\/jurus.net\/mademoisellesteinitz\/wp-json\/wp\/v2\/comments?post=1350"}],"wp:featuredmedia":[{"embeddable":true,"href":"https:\/\/jurus.net\/mademoisellesteinitz\/wp-json\/wp\/v2\/media\/1346"}],"wp:attachment":[{"href":"https:\/\/jurus.net\/mademoisellesteinitz\/wp-json\/wp\/v2\/media?parent=1350"}],"wp:term":[{"taxonomy":"product_brand","embeddable":true,"href":"https:\/\/jurus.net\/mademoisellesteinitz\/wp-json\/wp\/v2\/product_brand?post=1350"},{"taxonomy":"product_cat","embeddable":true,"href":"https:\/\/jurus.net\/mademoisellesteinitz\/wp-json\/wp\/v2\/product_cat?post=1350"},{"taxonomy":"product_tag","embeddable":true,"href":"https:\/\/jurus.net\/mademoisellesteinitz\/wp-json\/wp\/v2\/product_tag?post=1350"},{"taxonomy":"gender","embeddable":true,"href":"https:\/\/jurus.net\/mademoisellesteinitz\/wp-json\/wp\/v2\/gender?post=1350"}],"curies":[{"name":"wp","href":"https:\/\/api.w.org\/{rel}","templated":true}]}}