{"id":12549,"date":"2013-11-04T23:23:44","date_gmt":"2013-11-04T23:23:44","guid":{"rendered":"https:\/\/jurus.net\/mademoisellesteinitz\/product\/fauteuil-cubiste-2-2\/"},"modified":"2014-04-21T04:45:20","modified_gmt":"2014-04-21T04:45:20","slug":"fauteuil-cubiste-2","status":"publish","type":"product","link":"https:\/\/jurus.net\/mademoisellesteinitz\/product\/fauteuil-cubiste-2\/","title":{"rendered":"Fauteuil Cubiste"},"content":{"rendered":"<p>Ce fauteuil est d\u2019une grande raret\u00e9 car la p\u00e9riode cubiste qui s \u2018est d\u00e9velopp\u00e9e principalement de 1907 \u00e0 1914 fut tr\u00e8s courte et seule une toute petite partie des amateurs et collectionneurs de l\u2019Art moderne de cette \u00e9poque a \u00e9t\u00e9 touch\u00e9e par ce nouveau courant. De ce fait, ce fauteuil n\u2019en est que plus rare. Il est un des pr\u00e9curseur de ce qui fut l\u2019Art D\u00e9co.<\/p>\n<p>Sculpt\u00e9 en forme d&#8217;un pion d&#8217;\u00e9ch\u00e8ques, notre fauteuil d&#8217;une originalit\u00e9 folle est absolument fascinant de chaque angle.<\/p>\n<p>Bois d&#8217;\u00c9rable aux stries noires recouvert de Velours inspir\u00e9 par le travail de la Manufacture v\u00e9nitienne Fortuny \u00e0 damiers noir et or.<\/p>\n<p>Apr\u00e8s la Premi\u00e8re Guerre mondiale, avec le soutient apport\u00e9 par L\u00e9once Rosenberg, le cubisme redevint une question centrale pour les artistes et continua jusqu&#8217;au milieu des ann\u00e9es 1920.<\/p>\n<p>Ce mot &#8220;cubiste&#8221; provient d&#8217;une r\u00e9flexion d&#8217;Henri Matisse d\u00e9crivant un tableau de Braque comme des &#8220;petits cubes&#8221;.<\/p>\n","protected":false},"excerpt":{"rendered":"<p>Ce fauteuil est d\u2019une grande raret\u00e9 car la p\u00e9riode cubiste qui s \u2018est d\u00e9velopp\u00e9e principalement de 1907 \u00e0 1914 fut tr\u00e8s courte et seule une toute petite partie des amateurs et collectionneurs de l\u2019Art moderne de cette \u00e9poque a \u00e9t\u00e9 touch\u00e9e par ce nouveau courant. De ce fait, ce fauteuil n\u2019en est que plus rare. [&hellip;]<\/p>\n","protected":false},"featured_media":0,"comment_status":"closed","ping_status":"closed","template":"","meta":[],"product_brand":[],"product_cat":[1856],"product_tag":[],"gender":[],"class_list":{"0":"post-12549","1":"product","2":"type-product","3":"status-publish","5":"product_cat-uncategorized","7":"first","8":"instock","9":"shipping-taxable","10":"product-type-simple"},"_links":{"self":[{"href":"https:\/\/jurus.net\/mademoisellesteinitz\/wp-json\/wp\/v2\/product\/12549","targetHints":{"allow":["GET"]}}],"collection":[{"href":"https:\/\/jurus.net\/mademoisellesteinitz\/wp-json\/wp\/v2\/product"}],"about":[{"href":"https:\/\/jurus.net\/mademoisellesteinitz\/wp-json\/wp\/v2\/types\/product"}],"replies":[{"embeddable":true,"href":"https:\/\/jurus.net\/mademoisellesteinitz\/wp-json\/wp\/v2\/comments?post=12549"}],"wp:attachment":[{"href":"https:\/\/jurus.net\/mademoisellesteinitz\/wp-json\/wp\/v2\/media?parent=12549"}],"wp:term":[{"taxonomy":"product_brand","embeddable":true,"href":"https:\/\/jurus.net\/mademoisellesteinitz\/wp-json\/wp\/v2\/product_brand?post=12549"},{"taxonomy":"product_cat","embeddable":true,"href":"https:\/\/jurus.net\/mademoisellesteinitz\/wp-json\/wp\/v2\/product_cat?post=12549"},{"taxonomy":"product_tag","embeddable":true,"href":"https:\/\/jurus.net\/mademoisellesteinitz\/wp-json\/wp\/v2\/product_tag?post=12549"},{"taxonomy":"gender","embeddable":true,"href":"https:\/\/jurus.net\/mademoisellesteinitz\/wp-json\/wp\/v2\/gender?post=12549"}],"curies":[{"name":"wp","href":"https:\/\/api.w.org\/{rel}","templated":true}]}}