{"id":12100,"date":"2013-11-08T16:22:15","date_gmt":"2013-11-08T16:22:15","guid":{"rendered":"https:\/\/jurus.net\/mademoisellesteinitz\/product\/aquarelle-projet-de-tapis-sur-papier-arche-par-ivan-da-silva-bruhns-art-deco-france-6\/"},"modified":"2014-04-30T05:06:01","modified_gmt":"2014-04-30T05:06:01","slug":"aquarelle-projet-de-tapis-sur-papier-arche-par-ivan-da-silva-bruhns-art-deco-france","status":"publish","type":"product","link":"https:\/\/jurus.net\/mademoisellesteinitz\/product\/aquarelle-projet-de-tapis-sur-papier-arche-par-ivan-da-silva-bruhns-art-deco-france\/","title":{"rendered":"Aguarela &#8220;Pad Project&#8221; em papel Arche por Ivan da Silva Bruhns. Art Deco, Fran\u00e7a"},"content":{"rendered":"<p>Inspirado na exposi\u00e7\u00e3o de 1922, em Marselha, ele renova a arte de inspirado pelas artes oceano, africanos e pr\u00e9-colombiana tapete. Influenciado pelo cubismo e, especialmente, de Picasso , adota formas entrela\u00e7adas apoiados por padr\u00f5es simples .<\/p>\n<p>Trabalhar em grande detalhe, muito harmonioso .<\/p>\n<p>Ivan da Silva Bruhns (Paris 1881 Antibes &#8211; 1980) \u00e9 um pintor e decorador franc\u00eas , os pais brasileiros.<\/p>\n<p>Depois de estudar a biologia ea medicina , ele se tornou um pintor . Exp\u00f4s no Sal\u00e3o dos Independentes 1911-1923 no Salon d&#8217; Automne de 1913-1936 e da Sociedade de Belas Artes.<\/p>\n<p>Inspirado pelo oceano, Africano e arte pr\u00e9-colombiana , ele cria a Fabrica\u00e7\u00e3o de Savigny -sur- Orge para renovar a arte do tapete. Adota as formas entrela\u00e7adas suportados pelo simples padr\u00f5es cubistas . Ele teve uma grande influ\u00eancia sobre os designers mat Fran\u00e7a e Inglaterra.<\/p>\n<p>Desde 1924 , Jules Leleu , prestigiado designer trabalhou com Ivan da Silva Bruhns , considerado o maior inovador da est\u00e9tica de tapetes contempor\u00e2neos .<\/p>\n<p>Tapetes simples e elegantes Ivan da Silva Bruhns (1881-1980) est\u00e3o entre o per\u00edodo Art Deco mais procurados . Com sua vasta gama de modelos e cores de terra natural, geom\u00e9tricos e \u00e9tnicos , eles seduziram os maiores designers franceses do per\u00edodo entre-guerras , como Leleu e Ruhlmann .<\/p>\n<p>Art Deco \u00e9 um nascido na d\u00e9cada de 1910 e tomou o seu pleno desenvolvimento na d\u00e9cada de 1920 antes de se dissipar a partir do movimento art\u00edstico dos anos 1930. Ele foi extremamente animada especialmente nas Artes Decorativas , Arquitectura, design, moda e fantasia , e, na verdade , estavam mais ou menos todas as formas de Belas Artes.<\/p>\n<p>\u00c9 o primeiro estilo de ter experimentado uma distribui\u00e7\u00e3o mundial.<\/p>\n<p>Paris na d\u00e9cada de 1910 descobriu os ballets russos , que combina dan\u00e7a, m\u00fasica e pintura. Eles s\u00e3o um convite ao luxo e exotismo ; trajes, f\u00e3s de moda , penas, jactos de \u00e1gua, cores brilhantes. Cores incomuns ser\u00e3o necess\u00e1rios na decora\u00e7\u00e3o e mobili\u00e1rio : N\u00f3s boudoirs com paredes cor de laranja , lounges envolto em preto.<\/p>\n<p>Nossos projetos incluindo tapetes foram feitos , se encaixa perfeitamente no mundo art\u00edstico , onde a gra\u00e7a da dan\u00e7a colocar suas harmonias . Eles incorporam o charme \u00fanico de um equil\u00edbrio simples e perfeito &#8230;<\/p>\n","protected":false},"excerpt":{"rendered":"<p>Inspirado na exposi\u00e7\u00e3o de 1922, em Marselha, ele renova a arte de inspirado pelas artes oceano, africanos e pr\u00e9-colombiana tapete. Influenciado pelo cubismo e, especialmente, de Picasso , adota formas entrela\u00e7adas apoiados por padr\u00f5es simples . Trabalhar em grande detalhe, muito harmonioso . Ivan da Silva Bruhns (Paris 1881 Antibes &#8211; 1980) \u00e9 um pintor [&hellip;]<\/p>\n","protected":false},"featured_media":6228,"comment_status":"closed","ping_status":"closed","template":"","meta":[],"product_brand":[],"product_cat":[1818,1780,1215,1746,1214,1781],"product_tag":[],"gender":[],"class_list":{"0":"post-12100","1":"product","2":"type-product","3":"status-publish","4":"has-post-thumbnail","6":"product_cat-watercolor-pt-br","7":"product_cat-art-deco-pt-br","8":"product_cat-drawing-pt-br","9":"product_cat-france-pt-br","10":"product_cat-paintings-pt-br-antiques-pt-br","11":"product_cat-20th-century-pt-br","12":"pa_artist-ivan-da-silva-bruhns-pt-br","13":"pa_condition-excellent-pt-br","14":"pa_material-watercolor-pt-br","15":"pa_origin-france-pt-br","16":"pa_period-1933-pt-br","17":"pa_signed-yes-pt-br","18":"pa_style-art-deco-pt-br","20":"first","21":"instock","22":"shipping-taxable","23":"purchasable","24":"product-type-simple"},"_links":{"self":[{"href":"https:\/\/jurus.net\/mademoisellesteinitz\/wp-json\/wp\/v2\/product\/12100","targetHints":{"allow":["GET"]}}],"collection":[{"href":"https:\/\/jurus.net\/mademoisellesteinitz\/wp-json\/wp\/v2\/product"}],"about":[{"href":"https:\/\/jurus.net\/mademoisellesteinitz\/wp-json\/wp\/v2\/types\/product"}],"replies":[{"embeddable":true,"href":"https:\/\/jurus.net\/mademoisellesteinitz\/wp-json\/wp\/v2\/comments?post=12100"}],"wp:featuredmedia":[{"embeddable":true,"href":"https:\/\/jurus.net\/mademoisellesteinitz\/wp-json\/wp\/v2\/media\/6228"}],"wp:attachment":[{"href":"https:\/\/jurus.net\/mademoisellesteinitz\/wp-json\/wp\/v2\/media?parent=12100"}],"wp:term":[{"taxonomy":"product_brand","embeddable":true,"href":"https:\/\/jurus.net\/mademoisellesteinitz\/wp-json\/wp\/v2\/product_brand?post=12100"},{"taxonomy":"product_cat","embeddable":true,"href":"https:\/\/jurus.net\/mademoisellesteinitz\/wp-json\/wp\/v2\/product_cat?post=12100"},{"taxonomy":"product_tag","embeddable":true,"href":"https:\/\/jurus.net\/mademoisellesteinitz\/wp-json\/wp\/v2\/product_tag?post=12100"},{"taxonomy":"gender","embeddable":true,"href":"https:\/\/jurus.net\/mademoisellesteinitz\/wp-json\/wp\/v2\/gender?post=12100"}],"curies":[{"name":"wp","href":"https:\/\/api.w.org\/{rel}","templated":true}]}}