{"id":11869,"date":"2013-11-10T19:55:33","date_gmt":"2013-11-10T19:55:33","guid":{"rendered":"https:\/\/jurus.net\/mademoisellesteinitz\/product\/tableau-en-perles-thermo-soudables-hama-serie-les-chinois-2-3\/"},"modified":"2014-04-21T02:38:24","modified_gmt":"2014-04-21T02:38:24","slug":"tableau-en-perles-thermo-soudables-hama-serie-les-chinois-2","status":"publish","type":"product","link":"https:\/\/jurus.net\/mademoisellesteinitz\/product\/tableau-en-perles-thermo-soudables-hama-serie-les-chinois-2\/","title":{"rendered":"Tableau en Perles thermo-soudables Hama s\u00e9rie &#8220;Les Chinois&#8221;"},"content":{"rendered":"<p>Portrait abstrait d&#8217;un chinois sur fond bleu, avec relief<\/p>\n<p>Afin de fixer les perles, l&#8217;artiste les \u00e9crase au fer \u00e0 repasser. Les perles se dilatent et se fixent. Puis pour intensifier l&#8217;abstaction de cette \u0153uvre, il a pass\u00e9 le tableau \u00e0 la machine \u00e0 laver. Ainsi le relief s&#8217;ajoute au dessin du portrait pour porter l&#8217;abstraction.<\/p>\n<p>Serge COMTE n\u00e9 en 1966, \u00e0 La Tronche, Grenoble, France<\/p>\n<p>\u0152uvrant publiquement depuis 1993, le travail de Serge Comte est pass\u00e9 par l\u2019exposition de diff\u00e9rentes galeries : Galerie Jousse Seguin, Galerie Almine Rech, Galerie du Jour,\u2026 a voyag\u00e9 \u00e0 Sarajevo, Berlin, Mexico, Moscow, Bangkok, Tokyo et Reykjavik o\u00f9 il vit aujourd\u2019hui, s\u2019\u00e9tant lib\u00e9r\u00e9 de toute exclusivit\u00e9 mercantile le liant \u00e0 un galeriste, entrepreneur, investisseur.<\/p>\n<p>Son \u0153uvre autant corporelle que profonde, se d\u00e9ploie \u00e0 travers les arts d\u2019un ton l\u00e9ger et ouvert \u00e0 tous les publics.\u00a0 Techniquement autant prodige qu\u2019abstrait, il nous offre une simplicit\u00e9 inhabituelle.<\/p>\n<p>Serge Comte s\u2019inscrit dans une Histoire de l\u2019Art totale.<\/p>\n<p>Moderne et se renouvelant sans cesse, il ne cesse pourtant de r\u00e9p\u00e9ter son m\u00eame message d\u2019un infiniment petit inclus dans l\u2019infiniment grand.\u00a0 C\u2019est ainsi qu\u2019il remet en question notre rapport au Monde.<\/p>\n<p>&nbsp;<\/p>\n<p>&nbsp;<\/p>\n<p>&nbsp;<\/p>\n","protected":false},"excerpt":{"rendered":"<p>Portrait abstrait d&#8217;un chinois sur fond bleu, avec relief Afin de fixer les perles, l&#8217;artiste les \u00e9crase au fer \u00e0 repasser. Les perles se dilatent et se fixent. Puis pour intensifier l&#8217;abstaction de cette \u0153uvre, il a pass\u00e9 le tableau \u00e0 la machine \u00e0 laver. Ainsi le relief s&#8217;ajoute au dessin du portrait pour porter [&hellip;]<\/p>\n","protected":false},"featured_media":8361,"comment_status":"closed","ping_status":"closed","template":"","meta":[],"product_brand":[],"product_cat":[1757,767,940],"product_tag":[],"gender":[],"class_list":{"0":"post-11869","1":"product","2":"type-product","3":"status-publish","4":"has-post-thumbnail","6":"product_cat-serge-comte-zh-hant","7":"product_cat-contemporary-art-zh-hant","8":"product_cat-paintings-zh-hant","9":"pa_artist-serge-comte-zh-hant","10":"pa_condition-excellent-zh-hant","11":"pa_material-perles-thermo-soudables-hama-zh-hant","12":"pa_origin-france-icelande-zh-hant","13":"pa_period-2012-zh-hant","14":"pa_style-art-total-zh-hant","16":"first","17":"instock","18":"shipping-taxable","19":"purchasable","20":"product-type-simple"},"_links":{"self":[{"href":"https:\/\/jurus.net\/mademoisellesteinitz\/wp-json\/wp\/v2\/product\/11869","targetHints":{"allow":["GET"]}}],"collection":[{"href":"https:\/\/jurus.net\/mademoisellesteinitz\/wp-json\/wp\/v2\/product"}],"about":[{"href":"https:\/\/jurus.net\/mademoisellesteinitz\/wp-json\/wp\/v2\/types\/product"}],"replies":[{"embeddable":true,"href":"https:\/\/jurus.net\/mademoisellesteinitz\/wp-json\/wp\/v2\/comments?post=11869"}],"wp:featuredmedia":[{"embeddable":true,"href":"https:\/\/jurus.net\/mademoisellesteinitz\/wp-json\/wp\/v2\/media\/8361"}],"wp:attachment":[{"href":"https:\/\/jurus.net\/mademoisellesteinitz\/wp-json\/wp\/v2\/media?parent=11869"}],"wp:term":[{"taxonomy":"product_brand","embeddable":true,"href":"https:\/\/jurus.net\/mademoisellesteinitz\/wp-json\/wp\/v2\/product_brand?post=11869"},{"taxonomy":"product_cat","embeddable":true,"href":"https:\/\/jurus.net\/mademoisellesteinitz\/wp-json\/wp\/v2\/product_cat?post=11869"},{"taxonomy":"product_tag","embeddable":true,"href":"https:\/\/jurus.net\/mademoisellesteinitz\/wp-json\/wp\/v2\/product_tag?post=11869"},{"taxonomy":"gender","embeddable":true,"href":"https:\/\/jurus.net\/mademoisellesteinitz\/wp-json\/wp\/v2\/gender?post=11869"}],"curies":[{"name":"wp","href":"https:\/\/api.w.org\/{rel}","templated":true}]}}