{"id":185,"date":"2016-10-26T02:42:45","date_gmt":"2016-10-26T02:42:45","guid":{"rendered":"http:\/\/freedivingdominica.com\/?page_id=185"},"modified":"2017-01-17T14:05:57","modified_gmt":"2017-01-17T14:05:57","slug":"our-courses","status":"publish","type":"page","link":"https:\/\/jurus.net\/freedivingdominica\/education\/our-courses\/","title":{"rendered":"Our Courses"},"content":{"rendered":"<div class=\"wpb-content-wrapper\"><p>[vc_row][vc_column][vc_column_text]\n\t\t\t<!-- START Courses Page REVOLUTION SLIDER 6.7.38 --><p class=\"rs-p-wp-fix\"><\/p>\n\t\t\t<rs-module-wrap id=\"rev_slider_10_1_wrapper\" data-source=\"gallery\" style=\"visibility:hidden;background:transparent;padding:0;margin:0px auto;margin-top:0;margin-bottom:0;\">\n\t\t\t\t<rs-module id=\"rev_slider_10_1\" style=\"\" data-version=\"6.7.38\">\n\t\t\t\t\t<rs-slides style=\"overflow: hidden; position: absolute;\">\n\t\t\t\t\t\t<rs-slide style=\"position: absolute;\" data-key=\"rs-45\" data-title=\"Slide 3\" data-thumb=\"\/\/jurus.net\/freedivingdominica\/wp-content\/uploads\/freediving-dominica_freeding_slide-05-100x50.jpg\" data-anim=\"adpr:false;\">\n\t\t\t\t\t\t\t<img decoding=\"async\" src=\"\/\/jurus.net\/freedivingdominica\/wp-content\/plugins\/revslider\/sr6\/assets\/assets\/dummy.png\" alt=\"\" title=\"Our Courses\" class=\"rev-slidebg tp-rs-img rs-lazyload\" data-lazyload=\"\/\/jurus.net\/freedivingdominica\/wp-content\/uploads\/freediving-dominica_freeding_slide-05.jpg\" data-no-retina>\n<!--\n\t\t\t\t\t\t\t--><rs-layer\n\t\t\t\t\t\t\t\tid=\"slider-10-slide-45-layer-12\" \n\t\t\t\t\t\t\t\tdata-type=\"text\"\n\t\t\t\t\t\t\t\tdata-color=\"rgba(255,255,255,1)\"\n\t\t\t\t\t\t\t\tdata-rsp_ch=\"on\"\n\t\t\t\t\t\t\t\tdata-xy=\"x:r;xo:10px;y:b;yo:10px;\"\n\t\t\t\t\t\t\t\tdata-text=\"l:22;\"\n\t\t\t\t\t\t\t\tdata-frame_0=\"tp:600;\"\n\t\t\t\t\t\t\t\tdata-frame_1=\"tp:600;e:power2.inOut;st:500;sR:500;\"\n\t\t\t\t\t\t\t\tdata-frame_999=\"o:0;tp:600;e:nothing;st:w;sR:6200;\"\n\t\t\t\t\t\t\t\tstyle=\"z-index:5;font-family:'Georgia', 'serif';font-style:italic;\"\n\t\t\t\t\t\t\t>Image courtesy of Julie Gautier - \"Morgan Bourchis\" \n\t\t\t\t\t\t\t<\/rs-layer><!--\n\n\t\t\t\t\t\t\t--><rs-layer\n\t\t\t\t\t\t\t\tid=\"slider-10-slide-45-layer-14\" \n\t\t\t\t\t\t\t\tdata-type=\"text\"\n\t\t\t\t\t\t\t\tdata-color=\"rgba(255,255,255,1)\"\n\t\t\t\t\t\t\t\tdata-rsp_ch=\"on\"\n\t\t\t\t\t\t\t\tdata-xy=\"x:25px;y:25px;\"\n\t\t\t\t\t\t\t\tdata-text=\"w:normal;s:50;l:50;\"\n\t\t\t\t\t\t\t\tdata-dim=\"w:700px;\"\n\t\t\t\t\t\t\t\tdata-frame_0=\"tp:600;\"\n\t\t\t\t\t\t\t\tdata-frame_1=\"tp:600;e:power2.inOut;st:500;sR:500;\"\n\t\t\t\t\t\t\t\tdata-frame_999=\"o:0;tp:600;e:nothing;st:w;sR:6200;\"\n\t\t\t\t\t\t\t\tstyle=\"z-index:6;font-family:'Questrial';\"\n\t\t\t\t\t\t\t>Our Courses \n\t\t\t\t\t\t\t<\/rs-layer><!--\n\n\t\t\t\t\t\t\t--><rs-layer\n\t\t\t\t\t\t\t\tid=\"slider-10-slide-45-layer-15\" \n\t\t\t\t\t\t\t\tdata-type=\"text\"\n\t\t\t\t\t\t\t\tdata-color=\"rgba(255,255,255,1)\"\n\t\t\t\t\t\t\t\tdata-rsp_ch=\"on\"\n\t\t\t\t\t\t\t\tdata-xy=\"x:25px;y:100px;\"\n\t\t\t\t\t\t\t\tdata-text=\"w:normal;s:35;l:45;\"\n\t\t\t\t\t\t\t\tdata-dim=\"w:700px;\"\n\t\t\t\t\t\t\t\tdata-frame_0=\"tp:600;\"\n\t\t\t\t\t\t\t\tdata-frame_1=\"tp:600;e:power2.inOut;st:500;sR:500;\"\n\t\t\t\t\t\t\t\tdata-frame_999=\"o:0;tp:600;e:nothing;st:w;sR:6200;\"\n\t\t\t\t\t\t\t\tstyle=\"z-index:7;font-family:'Questrial';\"\n\t\t\t\t\t\t\t>Come, learn and train in our school all year long from beginner to advanced levels in freediving and lifesaving.\nYou can join us to discover freediving or to prepare international certifications with our professional instructors. \n \n\t\t\t\t\t\t\t<\/rs-layer><!--\n-->\t\t\t\t\t<\/rs-slide>\n\t\t\t\t\t\t<rs-slide style=\"position: absolute;\" data-key=\"rs-52\" data-title=\"Slide 2\" data-thumb=\"\/\/jurus.net\/freedivingdominica\/wp-content\/uploads\/general-backgroung-100x50.jpg\" data-anim=\"adpr:false;\">\n\t\t\t\t\t\t\t<img decoding=\"async\" src=\"\/\/jurus.net\/freedivingdominica\/wp-content\/plugins\/revslider\/sr6\/assets\/assets\/dummy.png\" alt=\"\" title=\"Our Courses\" class=\"rev-slidebg tp-rs-img rs-lazyload\" data-lazyload=\"\/\/jurus.net\/freedivingdominica\/wp-content\/uploads\/general-backgroung.jpg\" data-no-retina>\n<!--\n\t\t\t\t\t\t\t--><rs-layer\n\t\t\t\t\t\t\t\tid=\"slider-10-slide-52-layer-11\" \n\t\t\t\t\t\t\t\tdata-type=\"image\"\n\t\t\t\t\t\t\t\tdata-rsp_ch=\"on\"\n\t\t\t\t\t\t\t\tdata-xy=\"x:c;xo:500px;y:c;\"\n\t\t\t\t\t\t\t\tdata-text=\"l:22;\"\n\t\t\t\t\t\t\t\tdata-dim=\"w:450px;h:496px;\"\n\t\t\t\t\t\t\t\tdata-frame_0=\"tp:600;\"\n\t\t\t\t\t\t\t\tdata-frame_1=\"tp:600;e:power2.inOut;st:500;sR:500;\"\n\t\t\t\t\t\t\t\tdata-frame_999=\"o:0;tp:600;e:nothing;st:w;sR:6200;\"\n\t\t\t\t\t\t\t\tstyle=\"z-index:5;\"\n\t\t\t\t\t\t\t><img decoding=\"async\" src=\"\/\/jurus.net\/freedivingdominica\/wp-content\/plugins\/revslider\/sr6\/assets\/assets\/dummy.png\" alt=\"\" class=\"tp-rs-img rs-lazyload\" data-lazyload=\"\/\/freedivingdominica.com\/wp-content\/uploads\/freediving-dominica-education-ladder.jpg\" data-no-retina> \n\t\t\t\t\t\t\t<\/rs-layer><!--\n\n\t\t\t\t\t\t\t--><rs-layer\n\t\t\t\t\t\t\t\tid=\"slider-10-slide-52-layer-13\" \n\t\t\t\t\t\t\t\tdata-type=\"text\"\n\t\t\t\t\t\t\t\tdata-color=\"rgba(255,255,255,1)\"\n\t\t\t\t\t\t\t\tdata-rsp_ch=\"on\"\n\t\t\t\t\t\t\t\tdata-xy=\"x:25px;y:25px;\"\n\t\t\t\t\t\t\t\tdata-text=\"w:normal;s:50;l:50;\"\n\t\t\t\t\t\t\t\tdata-dim=\"w:700px;\"\n\t\t\t\t\t\t\t\tdata-frame_0=\"tp:600;\"\n\t\t\t\t\t\t\t\tdata-frame_1=\"tp:600;e:power2.inOut;st:500;sR:500;\"\n\t\t\t\t\t\t\t\tdata-frame_999=\"o:0;tp:600;e:nothing;st:w;sR:6200;\"\n\t\t\t\t\t\t\t\tstyle=\"z-index:6;font-family:'Questrial';\"\n\t\t\t\t\t\t\t>Our Courses \n\t\t\t\t\t\t\t<\/rs-layer><!--\n\n\t\t\t\t\t\t\t--><rs-layer\n\t\t\t\t\t\t\t\tid=\"slider-10-slide-52-layer-14\" \n\t\t\t\t\t\t\t\tdata-type=\"text\"\n\t\t\t\t\t\t\t\tdata-color=\"rgba(255,255,255,1)\"\n\t\t\t\t\t\t\t\tdata-rsp_ch=\"on\"\n\t\t\t\t\t\t\t\tdata-xy=\"x:25px;y:100px;\"\n\t\t\t\t\t\t\t\tdata-text=\"w:normal;s:35;l:45;\"\n\t\t\t\t\t\t\t\tdata-dim=\"w:700px;\"\n\t\t\t\t\t\t\t\tdata-frame_0=\"tp:600;\"\n\t\t\t\t\t\t\t\tdata-frame_1=\"tp:600;e:power2.inOut;st:500;sR:500;\"\n\t\t\t\t\t\t\t\tdata-frame_999=\"o:0;tp:600;e:nothing;st:w;sR:6200;\"\n\t\t\t\t\t\t\t\tstyle=\"z-index:7;font-family:'Questrial';\"\n\t\t\t\t\t\t\t>Come, learn and train in our school all year long from beginner to advanced levels in freediving and lifesaving.\nYou can join us to discover freediving or to prepare international certifications with our professional instructors. \n \n\t\t\t\t\t\t\t<\/rs-layer><!--\n-->\t\t\t\t\t<\/rs-slide>\n\t\t\t\t\t\t<rs-slide style=\"position: absolute;\" data-key=\"rs-51\" data-title=\"Slide 1\" data-thumb=\"\/\/jurus.net\/freedivingdominica\/wp-content\/uploads\/general-backgroung-100x50.jpg\" data-anim=\"adpr:false;\">\n\t\t\t\t\t\t\t<img decoding=\"async\" src=\"\/\/jurus.net\/freedivingdominica\/wp-content\/plugins\/revslider\/sr6\/assets\/assets\/dummy.png\" alt=\"\" title=\"Our Courses\" class=\"rev-slidebg tp-rs-img rs-lazyload\" data-lazyload=\"\/\/jurus.net\/freedivingdominica\/wp-content\/uploads\/general-backgroung.jpg\" data-no-retina>\n<!--\n\t\t\t\t\t\t\t--><rs-layer\n\t\t\t\t\t\t\t\tid=\"slider-10-slide-51-layer-5\" \n\t\t\t\t\t\t\t\tdata-type=\"image\"\n\t\t\t\t\t\t\t\tdata-rsp_ch=\"on\"\n\t\t\t\t\t\t\t\tdata-xy=\"x:r;xo:580px;y:b;yo:36px;\"\n\t\t\t\t\t\t\t\tdata-text=\"l:22;\"\n\t\t\t\t\t\t\t\tdata-dim=\"w:460px;h:306px;\"\n\t\t\t\t\t\t\t\tdata-frame_0=\"tp:600;\"\n\t\t\t\t\t\t\t\tdata-frame_1=\"tp:600;e:power2.inOut;st:500;sR:500;\"\n\t\t\t\t\t\t\t\tdata-frame_999=\"o:0;tp:600;e:nothing;st:w;sR:6200.0006103516;\"\n\t\t\t\t\t\t\t\tstyle=\"z-index:5;\"\n\t\t\t\t\t\t\t><img decoding=\"async\" src=\"\/\/jurus.net\/freedivingdominica\/wp-content\/plugins\/revslider\/sr6\/assets\/assets\/dummy.png\" alt=\"\" class=\"tp-rs-img rs-lazyload\" data-lazyload=\"\/\/freedivingdominica.com\/wp-content\/uploads\/freediving-dominica_our-courses_slide-01.jpg\" data-no-retina> \n\t\t\t\t\t\t\t<\/rs-layer><!--\n\n\t\t\t\t\t\t\t--><rs-layer\n\t\t\t\t\t\t\t\tid=\"slider-10-slide-51-layer-6\" \n\t\t\t\t\t\t\t\tdata-type=\"image\"\n\t\t\t\t\t\t\t\tdata-rsp_ch=\"on\"\n\t\t\t\t\t\t\t\tdata-xy=\"x:r;xo:107px;y:b;yo:37px;\"\n\t\t\t\t\t\t\t\tdata-text=\"l:22;\"\n\t\t\t\t\t\t\t\tdata-dim=\"w:460px;h:306px;\"\n\t\t\t\t\t\t\t\tdata-frame_0=\"tp:600;\"\n\t\t\t\t\t\t\t\tdata-frame_1=\"tp:600;e:power2.inOut;st:500;sR:500;\"\n\t\t\t\t\t\t\t\tdata-frame_999=\"o:0;tp:600;e:nothing;st:w;sR:6200.0006103516;\"\n\t\t\t\t\t\t\t\tstyle=\"z-index:6;\"\n\t\t\t\t\t\t\t><img decoding=\"async\" src=\"\/\/jurus.net\/freedivingdominica\/wp-content\/plugins\/revslider\/sr6\/assets\/assets\/dummy.png\" alt=\"\" class=\"tp-rs-img rs-lazyload\" data-lazyload=\"\/\/freedivingdominica.com\/wp-content\/uploads\/freediving-dominica_our-courses_slide-02.jpg\" data-no-retina> \n\t\t\t\t\t\t\t<\/rs-layer><!--\n\n\t\t\t\t\t\t\t--><rs-layer\n\t\t\t\t\t\t\t\tid=\"slider-10-slide-51-layer-9\" \n\t\t\t\t\t\t\t\tdata-type=\"image\"\n\t\t\t\t\t\t\t\tdata-rsp_ch=\"on\"\n\t\t\t\t\t\t\t\tdata-xy=\"x:r;xo:234px;y:63px;\"\n\t\t\t\t\t\t\t\tdata-text=\"l:22;\"\n\t\t\t\t\t\t\t\tdata-dim=\"w:244px;h:255px;\"\n\t\t\t\t\t\t\t\tdata-frame_0=\"tp:600;\"\n\t\t\t\t\t\t\t\tdata-frame_1=\"tp:600;e:power2.inOut;st:500;sR:500;\"\n\t\t\t\t\t\t\t\tdata-frame_999=\"o:0;tp:600;e:nothing;st:w;sR:6200.0006103516;\"\n\t\t\t\t\t\t\t\tstyle=\"z-index:7;\"\n\t\t\t\t\t\t\t><img decoding=\"async\" src=\"\/\/jurus.net\/freedivingdominica\/wp-content\/plugins\/revslider\/sr6\/assets\/assets\/dummy.png\" alt=\"\" class=\"tp-rs-img rs-lazyload\" data-lazyload=\"\/\/freedivingdominica.com\/wp-content\/uploads\/first-aid.png\" data-no-retina> \n\t\t\t\t\t\t\t<\/rs-layer><!--\n\n\t\t\t\t\t\t\t--><rs-layer\n\t\t\t\t\t\t\t\tid=\"slider-10-slide-51-layer-10\" \n\t\t\t\t\t\t\t\tdata-type=\"image\"\n\t\t\t\t\t\t\t\tdata-rsp_ch=\"on\"\n\t\t\t\t\t\t\t\tdata-xy=\"x:r;xo:579px;y:79px;\"\n\t\t\t\t\t\t\t\tdata-text=\"l:22;\"\n\t\t\t\t\t\t\t\tdata-dim=\"w:460px;h:242px;\"\n\t\t\t\t\t\t\t\tdata-frame_0=\"tp:600;\"\n\t\t\t\t\t\t\t\tdata-frame_1=\"tp:600;e:power2.inOut;st:500;sR:500;\"\n\t\t\t\t\t\t\t\tdata-frame_999=\"o:0;tp:600;e:nothing;st:w;sR:6200.0006103516;\"\n\t\t\t\t\t\t\t\tstyle=\"z-index:8;\"\n\t\t\t\t\t\t\t><img decoding=\"async\" src=\"\/\/jurus.net\/freedivingdominica\/wp-content\/plugins\/revslider\/sr6\/assets\/assets\/dummy.png\" alt=\"\" class=\"tp-rs-img rs-lazyload\" data-lazyload=\"\/\/freedivingdominica.com\/wp-content\/uploads\/freediving-dominica-activities-slide-03.png\" data-no-retina> \n\t\t\t\t\t\t\t<\/rs-layer><!--\n\n\t\t\t\t\t\t\t--><rs-layer\n\t\t\t\t\t\t\t\tid=\"slider-10-slide-51-layer-11\" \n\t\t\t\t\t\t\t\tdata-type=\"text\"\n\t\t\t\t\t\t\t\tdata-color=\"rgba(255,255,255,1)\"\n\t\t\t\t\t\t\t\tdata-rsp_ch=\"on\"\n\t\t\t\t\t\t\t\tdata-xy=\"x:25px;y:25px;\"\n\t\t\t\t\t\t\t\tdata-text=\"w:normal;s:50;l:50;\"\n\t\t\t\t\t\t\t\tdata-dim=\"w:700px;\"\n\t\t\t\t\t\t\t\tdata-frame_0=\"tp:600;\"\n\t\t\t\t\t\t\t\tdata-frame_1=\"tp:600;e:power2.inOut;st:500;sR:500;\"\n\t\t\t\t\t\t\t\tdata-frame_999=\"o:0;tp:600;e:nothing;st:w;sR:6200.0006103516;\"\n\t\t\t\t\t\t\t\tstyle=\"z-index:9;font-family:'Questrial';\"\n\t\t\t\t\t\t\t>Nos cours \n\t\t\t\t\t\t\t<\/rs-layer><!--\n\n\t\t\t\t\t\t\t--><rs-layer\n\t\t\t\t\t\t\t\tid=\"slider-10-slide-51-layer-12\" \n\t\t\t\t\t\t\t\tdata-type=\"text\"\n\t\t\t\t\t\t\t\tdata-color=\"rgba(255,255,255,1)\"\n\t\t\t\t\t\t\t\tdata-rsp_ch=\"on\"\n\t\t\t\t\t\t\t\tdata-xy=\"x:25px;y:100px;\"\n\t\t\t\t\t\t\t\tdata-text=\"w:normal;s:35;l:45;\"\n\t\t\t\t\t\t\t\tdata-dim=\"w:700px;\"\n\t\t\t\t\t\t\t\tdata-frame_0=\"tp:600;\"\n\t\t\t\t\t\t\t\tdata-frame_1=\"tp:600;e:power2.inOut;st:500;sR:500;\"\n\t\t\t\t\t\t\t\tdata-frame_999=\"o:0;tp:600;e:nothing;st:w;sR:6200.0006103516;\"\n\t\t\t\t\t\t\t\tstyle=\"z-index:10;font-family:'Questrial';\"\n\t\t\t\t\t\t\t>Venez apprendre, vous former et vous entrainer toute l'ann\u00e9e dans notre \u00e9cole,  quel que soit votre niveau. Vous \u00eates le bienvenu pour d\u00e9couvrir l'apn\u00e9e comme pour pr\u00e9parer une certification internationale avec nos instructeurs professionnels. \n \n\t\t\t\t\t\t\t<\/rs-layer><!--\n-->\t\t\t\t\t<\/rs-slide>\n\t\t\t\t\t<\/rs-slides>\n\t\t\t\t<\/rs-module>\n\t\t\t\t<script>\n\t\t\t\t\tsetREVStartSize({c: 'rev_slider_10_1',rl:[1240,1024,778,480],el:[],gw:[1920],gh:[703],type:'standard',justify:'',layout:'fullwidth',mh:\"0\"});if (window.RS_MODULES!==undefined && window.RS_MODULES.modules!==undefined && window.RS_MODULES.modules[\"revslider101\"]!==undefined) {window.RS_MODULES.modules[\"revslider101\"].once = false;window.revapi10 = undefined;if (window.RS_MODULES.checkMinimal!==undefined) window.RS_MODULES.checkMinimal()}\n\t\t\t\t<\/script>\n\t\t\t<\/rs-module-wrap>\n\t\t\t<!-- END REVOLUTION SLIDER -->\n[\/vc_column_text][\/vc_column][\/vc_row][vc_row css=&#8221;.vc_custom_1478074213488{margin-right: 0px !important;margin-left: 0px !important;}&#8221;][vc_column][vc_custom_heading text=&#8221;OUR COURSES&#8221; font_container=&#8221;tag:h1|font_size:30px|text_align:center|color:%231f5b9f&#8221; use_theme_fonts=&#8221;yes&#8221; css=&#8221;.vc_custom_1478221113368{margin-bottom: 0px !important;}&#8221;][vc_separator color=&#8221;custom&#8221; el_width=&#8221;10&#8243; accent_color=&#8221;#1f5b9f&#8221;][\/vc_column][\/vc_row][vc_row css=&#8221;.vc_custom_1478074213488{margin-right: 0px !important;margin-left: 0px !important;}&#8221;][vc_column][vc_column_text]<\/p>\n<p style=\"text-align: center;\">Come, learn and train in our school all year long from beginner to advanced levels in freediving and lifesaving.<\/p>\n<p style=\"text-align: center;\">You can join us to discover freediving or to prepare international certifications with our professional instructors.<\/p>\n<p style=\"text-align: center;\">We can certify you to all AIDA, PADI, SSI and CMAS freediving levels from beginner to instructor.<\/p>\n<p>[\/vc_column_text][\/vc_column][\/vc_row][vc_row css=&#8221;.vc_custom_1478223792596{margin-right: 0px !important;margin-bottom: 30px !important;margin-left: 0px !important;}&#8221;][vc_column][vc_custom_heading text=&#8221;We provide all year long:&#8221; font_container=&#8221;tag:h1|font_size:30px|text_align:center|color:%231f5b9f&#8221; use_theme_fonts=&#8221;yes&#8221; css=&#8221;.vc_custom_1478221489268{margin-bottom: 0px !important;}&#8221;][\/vc_column][\/vc_row][vc_row gap=&#8221;5&#8243; equal_height=&#8221;yes&#8221; css=&#8221;.vc_custom_1478224239987{margin-right: 0px !important;margin-left: 0px !important;}&#8221;][vc_column width=&#8221;1\/3&#8243; css=&#8221;.vc_custom_1478223929969{padding-top: 15px !important;background-color: #f9f9f9 !important;}&#8221;][vc_custom_heading text=&#8221;FREEDIVING&#8221; font_container=&#8221;tag:h3|font_size:20px|text_align:center|color:%231f5b9f&#8221; use_theme_fonts=&#8221;yes&#8221; css=&#8221;.vc_custom_1478223894648{margin-bottom: 0px !important;border-bottom-width: 1px !important;border-bottom-color: #1f5b9f !important;border-bottom-style: solid !important;}&#8221; el_class=&#8221;h3title&#8221;][vc_column_text css=&#8221;.vc_custom_1482603503032{margin-bottom: 0px !important;}&#8221;]<\/p>\n<ul>\n<li>Freediving courses from beginner to instructor with AIDA, PADI, SSI and CMAS certifications<\/li>\n<li>Freediving trainings : Initiation, Depth Training Sessions or Intensive Trainings Sessions<\/li>\n<li>Freediving theory specifics<\/li>\n<\/ul>\n<p>[\/vc_column_text][\/vc_column][vc_column width=&#8221;1\/3&#8243; css=&#8221;.vc_custom_1478224096781{padding-top: 15px !important;background-color: #f9f9f9 !important;}&#8221;][vc_custom_heading text=&#8221;SNORKELLING&#8221; font_container=&#8221;tag:h3|font_size:20px|text_align:center|color:%231f5b9f&#8221; use_theme_fonts=&#8221;yes&#8221; css=&#8221;.vc_custom_1478224066483{margin-bottom: 0px !important;border-bottom-width: 1px !important;border-bottom-color: #1f5b9f !important;border-bottom-style: solid !important;}&#8221; el_class=&#8221;h3title&#8221;][vc_column_text css=&#8221;.vc_custom_1478224229070{margin-bottom: 0px !important;}&#8221;]<\/p>\n<ul>\n<li>Snorkelling and environmental marine guided tours to understand and protect the marine reserve<\/li>\n<\/ul>\n<p>[\/vc_column_text][\/vc_column][vc_column width=&#8221;1\/3&#8243; css=&#8221;.vc_custom_1478224116956{padding-top: 15px !important;background-color: #f9f9f9 !important;}&#8221;][vc_custom_heading text=&#8221;LIFESAVING &amp; FIRST AID&#8221; font_container=&#8221;tag:h3|font_size:20px|text_align:center|color:%231f5b9f&#8221; use_theme_fonts=&#8221;yes&#8221; css=&#8221;.vc_custom_1478224176179{margin-bottom: 0px !important;border-bottom-width: 1px !important;border-bottom-color: #1f5b9f !important;border-bottom-style: solid !important;}&#8221; el_class=&#8221;h3title&#8221;][vc_column_text css=&#8221;.vc_custom_1478224134493{margin-bottom: 0px !important;}&#8221;]<\/p>\n<ul>\n<li>Lifesaving courses from beginner to instructor with certifications<\/li>\n<li>Lifesaving trainings for all levels, including professional wardens and lifeguards<\/li>\n<li>First aid &amp; CPR trainings and certification to basic techniques<\/li>\n<\/ul>\n<p>[\/vc_column_text][\/vc_column][\/vc_row][vc_row gap=&#8221;5&#8243; equal_height=&#8221;yes&#8221; css=&#8221;.vc_custom_1478224658732{margin-right: 0px !important;margin-left: 0px !important;}&#8221;][vc_column width=&#8221;1\/3&#8243; css=&#8221;.vc_custom_1478224798845{padding-top: 15px !important;background-color: #f9f9f9 !important;}&#8221;][vc_custom_heading text=&#8221;YOGA &amp; MENTAL PREPARATION&#8221; font_container=&#8221;tag:h3|font_size:20px|text_align:center|color:%231f5b9f&#8221; use_theme_fonts=&#8221;yes&#8221; css=&#8221;.vc_custom_1478224270355{margin-bottom: 0px !important;border-bottom-width: 1px !important;border-bottom-color: #1f5b9f !important;border-bottom-style: solid !important;}&#8221; el_class=&#8221;h3title&#8221;][vc_column_text css=&#8221;.vc_custom_1478224334489{margin-bottom: 0px !important;}&#8221;]<\/p>\n<ul>\n<li>Yoga, Breathing, Relaxation techniques come with our freediving courses<\/li>\n<li>Mental Preparation tools are given to you within our programs<\/li>\n<li>Mental preparation coaching is designed on demand<\/li>\n<\/ul>\n<p>[\/vc_column_text][\/vc_column][vc_column width=&#8221;1\/3&#8243; css=&#8221;.vc_custom_1478224808727{padding-top: 15px !important;background-color: #f9f9f9 !important;}&#8221;][vc_custom_heading text=&#8221;THEORY SPECIFICS&#8221; font_container=&#8221;tag:h3|font_size:20px|text_align:center|color:%231f5b9f&#8221; use_theme_fonts=&#8221;yes&#8221; css=&#8221;.vc_custom_1478224290877{margin-bottom: 0px !important;border-bottom-width: 1px !important;border-bottom-color: #1f5b9f !important;border-bottom-style: solid !important;}&#8221; el_class=&#8221;h3title&#8221;][vc_column_text css=&#8221;.vc_custom_1478224347207{margin-bottom: 0px !important;}&#8221;]<\/p>\n<ul>\n<li>In physiology, sports nutrition are arranged on demand<\/li>\n<\/ul>\n<p>[\/vc_column_text][\/vc_column][vc_column width=&#8221;1\/3&#8243; css=&#8221;.vc_custom_1478224844582{padding-top: 15px !important;background-color: #f9f9f9 !important;}&#8221;][vc_custom_heading text=&#8221;WATERMEN\u2019S SURVIVAL &#8221; font_container=&#8221;tag:h3|font_size:20px|text_align:center|color:%231f5b9f&#8221; use_theme_fonts=&#8221;yes&#8221; css=&#8221;.vc_custom_1478224318735{margin-bottom: 0px !important;border-bottom-width: 1px !important;border-bottom-color: #1f5b9f !important;border-bottom-style: solid !important;}&#8221; el_class=&#8221;h3title&#8221;][vc_column_text css=&#8221;.vc_custom_1484346895600{margin-bottom: 0px !important;}&#8221;]<\/p>\n<ul>\n<li>The WATERMEN\u2019S SURVIVAL TRAINING CAMPS\u00a0are arranged on demand all year long. Whether you are a surfer, a diver, a lifeguard, or a member of Special Forces, it really can make a difference! You can check out our previous editions <a href=\"https:\/\/www.youtube.com\/watch?v=FjZ53UPHxy0\" target=\"_blank\">here<\/a>.<\/li>\n<\/ul>\n<p>[\/vc_column_text][\/vc_column][\/vc_row][vc_row css=&#8221;.vc_custom_1478074213488{margin-right: 0px !important;margin-left: 0px !important;}&#8221;][vc_column][vc_column_text]<\/p>\n<p style=\"text-align: center;\">Interested in one of these courses ? Any question, specific schedule or specific requirement?<\/p>\n<p style=\"text-align: center;\">Feel free to send us a message and ask about it <a href=\"\/?page_id=108\" target=\"_blank\">here<\/a>.<\/p>\n<p>\u00a0[\/vc_column_text][vc_single_image image=&#8221;513&#8243; img_size=&#8221;large&#8221; alignment=&#8221;center&#8221;][vc_single_image image=&#8221;515&#8243; img_size=&#8221;large&#8221; alignment=&#8221;center&#8221;][vc_single_image image=&#8221;517&#8243; img_size=&#8221;large&#8221; alignment=&#8221;center&#8221;][vc_single_image image=&#8221;519&#8243; img_size=&#8221;large&#8221; alignment=&#8221;center&#8221;][\/vc_column][\/vc_row]<\/p>\n<\/div>","protected":false},"excerpt":{"rendered":"<p>[vc_row][vc_column][vc_column_text][\/vc_column_text][\/vc_column][\/vc_row][vc_row css=&#8221;.vc_custom_1478074213488{margin-right: 0px !important;margin-left: 0px !important;}&#8221;][vc_column][vc_custom_heading text=&#8221;OUR COURSES&#8221; font_container=&#8221;tag:h1|font_size:30px|text_align:center|color:%231f5b9f&#8221; use_theme_fonts=&#8221;yes&#8221; css=&#8221;.vc_custom_1478221113368{margin-bottom: 0px !important;}&#8221;][vc_separator color=&#8221;custom&#8221; el_width=&#8221;10&#8243; accent_color=&#8221;#1f5b9f&#8221;][\/vc_column][\/vc_row][vc_row css=&#8221;.vc_custom_1478074213488{margin-right: 0px !important;margin-left: 0px !important;}&#8221;][vc_column][vc_column_text] Come, learn and train in our school all year [&hellip;]<\/p>\n","protected":false},"author":1,"featured_media":0,"parent":15,"menu_order":0,"comment_status":"closed","ping_status":"closed","template":"","meta":{"footnotes":"","_links_to":"","_links_to_target":""},"class_list":["post-185","page","type-page","status-publish","hentry"],"_links":{"self":[{"href":"https:\/\/jurus.net\/freedivingdominica\/wp-json\/wp\/v2\/pages\/185","targetHints":{"allow":["GET"]}}],"collection":[{"href":"https:\/\/jurus.net\/freedivingdominica\/wp-json\/wp\/v2\/pages"}],"about":[{"href":"https:\/\/jurus.net\/freedivingdominica\/wp-json\/wp\/v2\/types\/page"}],"author":[{"embeddable":true,"href":"https:\/\/jurus.net\/freedivingdominica\/wp-json\/wp\/v2\/users\/1"}],"replies":[{"embeddable":true,"href":"https:\/\/jurus.net\/freedivingdominica\/wp-json\/wp\/v2\/comments?post=185"}],"version-history":[{"count":0,"href":"https:\/\/jurus.net\/freedivingdominica\/wp-json\/wp\/v2\/pages\/185\/revisions"}],"up":[{"embeddable":true,"href":"https:\/\/jurus.net\/freedivingdominica\/wp-json\/wp\/v2\/pages\/15"}],"wp:attachment":[{"href":"https:\/\/jurus.net\/freedivingdominica\/wp-json\/wp\/v2\/media?parent=185"}],"curies":[{"name":"wp","href":"https:\/\/api.w.org\/{rel}","templated":true}]}}